{"id":16,"date":"2019-01-29T17:10:10","date_gmt":"2019-01-29T16:10:10","guid":{"rendered":"https:\/\/ige-edigraphic.fr\/?page_id=16"},"modified":"2021-04-19T11:56:26","modified_gmt":"2021-04-19T09:56:26","slug":"contact","status":"publish","type":"page","link":"https:\/\/ige-edigraphic.fr\/index.php\/contact\/","title":{"rendered":"Contact"},"content":{"rendered":"\n<div style=\"height:20px\" aria-hidden=\"true\" class=\"wp-block-spacer\"><\/div>\n\n\n\n<h4>Pour nous contacter, veuillez remplir ce formulaire :<\/h4>\n\n\n<div class=\"frm_forms  with_frm_style frm_style_style-formidable\" id=\"frm_form_2_container\" >\n<form enctype=\"multipart\/form-data\" method=\"post\" class=\"frm-show-form \" id=\"form_xew8w\"  >\n<div class=\"frm_form_fields \">\n<fieldset>\n<legend class=\"frm_screen_reader\">Contact<\/legend>\r\n\r\n<div class=\"frm_fields_container\">\n<input type=\"hidden\" name=\"frm_action\" value=\"create\" \/>\n<input type=\"hidden\" name=\"form_id\" value=\"2\" \/>\n<input type=\"hidden\" name=\"frm_hide_fields_2\" id=\"frm_hide_fields_2\" value=\"\" \/>\n<input type=\"hidden\" name=\"form_key\" value=\"xew8w\" \/>\n<input type=\"hidden\" name=\"item_meta[0]\" value=\"\" \/>\n<input type=\"hidden\" id=\"frm_submit_entry_2\" name=\"frm_submit_entry_2\" value=\"e73ad4c40b\" \/><input type=\"hidden\" name=\"_wp_http_referer\" value=\"\/index.php\/wp-json\/wp\/v2\/pages\/16\" \/><div id=\"frm_field_7_container\" class=\"frm_form_field form-field  frm_required_field frm_right_container frm6  large-champ-contact frm_first\">\r\n        <span class=\"frm_required\"><\/span>\r\n    <input type=\"text\" id=\"field_89lsc\" name=\"item_meta[7]\" value=\"\"  maxlength=\"30\" placeholder=\"Nom et Pr\u00e9nom\" data-reqmsg=\"Veuillez rentrer vos nom et pr\u00e9nom. Merci.\" aria-required=\"true\" data-invmsg=\"texte est non valide\" aria-invalid=\"false\"  \/>\r\n    \r\n    \r\n<\/div>\n<div id=\"frm_field_8_container\" class=\"frm_form_field form-field  frm_right_container frm6\">\r\n        <span class=\"frm_required\"><\/span>\r\n    <input type=\"text\" id=\"field_knems\" name=\"item_meta[8]\" value=\"\"  maxlength=\"30\" placeholder=\"Soci\u00e9t\u00e9 (facultatif)\" data-invmsg=\"texte est non valide\" aria-invalid=\"false\"  \/>\r\n    \r\n    \r\n<\/div>\n<div id=\"frm_field_10_container\" class=\"frm_form_field form-field  frm_required_field frm_right_container frm_half frm_first\">\r\n        <span class=\"frm_required\"><\/span>\r\n    <input type=\"email\" id=\"field_rg0pl\" name=\"item_meta[10]\" value=\"\"  maxlength=\"30\" placeholder=\"Email\" data-reqmsg=\"Ce champ ne peut pas \u00eatre vide\" aria-required=\"true\" data-invmsg=\"Votre email est invalide. Veuillez v\u00e9rifier.\" aria-invalid=\"false\"  \/>\r\n    \r\n    \r\n<\/div>\n<div id=\"frm_field_11_container\" class=\"frm_form_field form-field  frm_required_field frm_right_container frm_half\">\r\n        <span class=\"frm_required\"><\/span>\r\n    <input type=\"tel\" id=\"field_58z1n\" name=\"item_meta[11]\" value=\"\"  maxlength=\"12\" placeholder=\"T\u00e9l\u00e9phone\" data-reqmsg=\"Veuillez renseigner un num\u00e9ro de t\u00e9l\u00e9phone afin de faciliter la prise de contact. Merci.\" aria-required=\"true\" data-invmsg=\"Votre num\u00e9ro de t\u00e9l\u00e9phone est invalide. Veuillez v\u00e9rifier.\" aria-invalid=\"false\" pattern=\"((\\+\\d{1,3}(-|.| )?\\(?\\d\\)?(-| |.)?\\d{1,5})|(\\(?\\d{2,6}\\)?))(-|.| )?(\\d{3,4})(-|.| )?(\\d{4})(( x| ext)\\d{1,5}){0,1}$\"  \/>\r\n    \r\n    \r\n<\/div>\n<div id=\"frm_field_12_container\" class=\"frm_form_field form-field  frm_required_field frm_inline_container frm_full\">\r\n        <span class=\"frm_required\"><\/span>\r\n    <textarea name=\"item_meta[12]\" id=\"field_t2c6q\" rows=\"5\"  placeholder=\"Message\" data-reqmsg=\"Veuillez renseigner la raison de votre prise de contact avec l&#039;imprimerie IGE. Merci.\" aria-required=\"true\" data-invmsg=\"Message est non valide\" aria-invalid=\"false\"  ><\/textarea>\r\n    \r\n    \r\n<\/div>\n<div id=\"frm_field_13_container\" class=\"frm_form_field form-field  frm_none_container\">\r\n    <label  class=\"frm_primary_label\">reCAPTCHA\r\n        <span class=\"frm_required\"><\/span>\r\n    <\/label>\r\n    <div id=\"field_da2vj\" class=\"g-recaptcha\" data-sitekey=\"6LfU05EUAAAAALT3XyNqpMMGG_VTfjwT8ppxnMQ6\" data-size=\"normal\" data-theme=\"light\"><\/div>\r\n    <div class=\"frm_description\" id=\"frm_desc_field_da2vj\">Vous devez r\u00e9pondre \u00e0 ce test pour des raisons de s\u00e9curit\u00e9.<\/div>\r\n    \r\n<\/div>\n\t<input type=\"hidden\" name=\"item_key\" value=\"\" \/>\n\t<div class=\"frm_submit\">\r\n\r\n<button class=\"frm_button_submit\" type=\"submit\"  >Envoyer<\/button>\r\n\r\n<\/div><\/div>\n<\/fieldset>\n<\/div>\n<p style=\"display: none !important;\"><label>&#916;<textarea name=\"ak_hp_textarea\" cols=\"45\" rows=\"8\" maxlength=\"100\"><\/textarea><\/label><input type=\"hidden\" id=\"ak_js_1\" name=\"ak_js\" value=\"24\"\/><script>document.getElementById( \"ak_js_1\" ).setAttribute( \"value\", ( new Date() ).getTime() );<\/script><\/p><\/form>\n<\/div>\n\n\n\n<div class=\"map-responsive\">\n<iframe loading=\"lazy\" src=\"https:\/\/www.google.com\/maps\/embed?pb=!1m14!1m8!1m3!1d2770.5164773051342!2d0.6550340763489755!3d46.02084247579771!3m2!1i1024!2i768!4f13.1!3m3!1m2!1s0x0%3A0x3b408444d6af1d53!2sImprimerie%20IGE%20EDIGRAPHIC!5e0!3m2!1sfr!2sfr!4v1589443953061!5m2!1sfr!2sfr\" width=\"750\" height=\"300\" frameborder=\"0\" style=\"border:0;\" allowfullscreen=\"\" aria-hidden=\"false\" tabindex=\"0\"><\/iframe><\/div>\n\n\n\n<div style=\"height:50px\" aria-hidden=\"true\" class=\"wp-block-spacer\"><\/div>\n\n\n\n<hr class=\"wp-block-separator\"\/>\n\n\n\n<div style=\"height:50px\" aria-hidden=\"true\" class=\"wp-block-spacer\"><\/div>\n\n\n\n<h1>Plan d&#8217;acc\u00e8s<\/h1>\n\n\n\n<figure class=\"wp-block-gallery columns-1 is-cropped aligncenter\"><ul class=\"blocks-gallery-grid\"><li class=\"blocks-gallery-item\"><figure><a href=\"https:\/\/ige-edigraphic.fr\/wp-content\/uploads\/2021\/04\/plan_acces2.png\"><img loading=\"lazy\" width=\"1024\" height=\"645\" src=\"https:\/\/ige-edigraphic.fr\/wp-content\/uploads\/2021\/04\/plan_acces2-1024x645.png\" alt=\"\" data-id=\"643\" data-full-url=\"https:\/\/ige-edigraphic.fr\/wp-content\/uploads\/2021\/04\/plan_acces2.png\" data-link=\"https:\/\/ige-edigraphic.fr\/index.php\/contact\/plan_acces2\/#main\" class=\"wp-image-643\" srcset=\"https:\/\/ige-edigraphic.fr\/wp-content\/uploads\/2021\/04\/plan_acces2-1024x645.png 1024w, https:\/\/ige-edigraphic.fr\/wp-content\/uploads\/2021\/04\/plan_acces2-300x189.png 300w, https:\/\/ige-edigraphic.fr\/wp-content\/uploads\/2021\/04\/plan_acces2-768x484.png 768w, https:\/\/ige-edigraphic.fr\/wp-content\/uploads\/2021\/04\/plan_acces2-1536x968.png 1536w, https:\/\/ige-edigraphic.fr\/wp-content\/uploads\/2021\/04\/plan_acces2-2048x1291.png 2048w\" sizes=\"(max-width: 1024px) 100vw, 1024px\" \/><\/a><\/figure><\/li><\/ul><\/figure>\n\n\n<p style=\"font-size: 14px;\">Cliquez sur l&#8217;image pour l&#8217;agrandir.<\/p>\n","protected":false},"excerpt":{"rendered":"<p>Pour nous contacter, veuillez remplir ce formulaire : Plan d&#8217;acc\u00e8s<\/p>\n","protected":false},"author":1,"featured_media":0,"parent":0,"menu_order":0,"comment_status":"closed","ping_status":"closed","template":"template-contact.php","meta":[],"yoast_head":"<!-- This site is optimized with the Yoast SEO plugin v18.3 - https:\/\/yoast.com\/wordpress\/plugins\/seo\/ -->\n<title>Contact &bull; IGE EDIGRAPHIC - Imprimerie Confolens Nontron<\/title>\n<meta name=\"description\" content=\"Vous souhaitez nous poser une question ? Contactez-nous gr\u00e2ce \u00e0 notre formulaire ci-dessous. Nous vous rappelerons dans les plus brefs d\u00e9lais.\" \/>\n<meta name=\"robots\" content=\"index, follow, max-snippet:-1, max-image-preview:large, max-video-preview:-1\" \/>\n<link rel=\"canonical\" href=\"https:\/\/ige-edigraphic.fr\/index.php\/contact\/\" \/>\n<meta property=\"og:locale\" content=\"fr_FR\" \/>\n<meta property=\"og:type\" content=\"article\" \/>\n<meta property=\"og:title\" content=\"Contact &bull; IGE EDIGRAPHIC - Imprimerie Confolens Nontron\" \/>\n<meta property=\"og:description\" content=\"Vous souhaitez nous poser une question ? Contactez-nous gr\u00e2ce \u00e0 notre formulaire ci-dessous. Nous vous rappelerons dans les plus brefs d\u00e9lais.\" \/>\n<meta property=\"og:url\" content=\"https:\/\/ige-edigraphic.fr\/index.php\/contact\/\" \/>\n<meta property=\"og:site_name\" content=\"IGE EDIGRAPHIC - Imprimerie Confolens Nontron\" \/>\n<meta property=\"article:modified_time\" content=\"2021-04-19T09:56:26+00:00\" \/>\n<meta property=\"og:image\" content=\"https:\/\/ige-edigraphic.fr\/wp-content\/uploads\/2021\/04\/plan_acces2-1024x645.png\" \/>\n<meta name=\"twitter:card\" content=\"summary_large_image\" \/>\n<meta name=\"twitter:label1\" content=\"Dur\u00e9e de lecture estim\u00e9e\" \/>\n\t<meta name=\"twitter:data1\" content=\"1 minute\" \/>\n<script type=\"application\/ld+json\" class=\"yoast-schema-graph\">{\"@context\":\"https:\/\/schema.org\",\"@graph\":[{\"@type\":\"Organization\",\"@id\":\"https:\/\/ige-edigraphic.fr\/#organization\",\"name\":\"IGE Edigraphic\",\"url\":\"https:\/\/ige-edigraphic.fr\/\",\"sameAs\":[],\"logo\":{\"@type\":\"ImageObject\",\"@id\":\"https:\/\/ige-edigraphic.fr\/#logo\",\"inLanguage\":\"fr-FR\",\"url\":\"https:\/\/ige-edigraphic.fr\/wp-content\/uploads\/2019\/01\/encart_noir2_650.png\",\"contentUrl\":\"https:\/\/ige-edigraphic.fr\/wp-content\/uploads\/2019\/01\/encart_noir2_650.png\",\"width\":650,\"height\":164,\"caption\":\"IGE Edigraphic\"},\"image\":{\"@id\":\"https:\/\/ige-edigraphic.fr\/#logo\"}},{\"@type\":\"WebSite\",\"@id\":\"https:\/\/ige-edigraphic.fr\/#website\",\"url\":\"https:\/\/ige-edigraphic.fr\/\",\"name\":\"IGE EDIGRAPHIC - Imprimerie Confolens Nontron\",\"description\":\"Imprimerie Confolens - Nontron\",\"publisher\":{\"@id\":\"https:\/\/ige-edigraphic.fr\/#organization\"},\"potentialAction\":[{\"@type\":\"SearchAction\",\"target\":{\"@type\":\"EntryPoint\",\"urlTemplate\":\"https:\/\/ige-edigraphic.fr\/?s={search_term_string}\"},\"query-input\":\"required name=search_term_string\"}],\"inLanguage\":\"fr-FR\"},{\"@type\":\"ImageObject\",\"@id\":\"https:\/\/ige-edigraphic.fr\/index.php\/contact\/#primaryimage\",\"inLanguage\":\"fr-FR\",\"url\":\"https:\/\/ige-edigraphic.fr\/wp-content\/uploads\/2021\/04\/plan_acces2.png\",\"contentUrl\":\"https:\/\/ige-edigraphic.fr\/wp-content\/uploads\/2021\/04\/plan_acces2.png\",\"width\":2526,\"height\":1592},{\"@type\":\"WebPage\",\"@id\":\"https:\/\/ige-edigraphic.fr\/index.php\/contact\/#webpage\",\"url\":\"https:\/\/ige-edigraphic.fr\/index.php\/contact\/\",\"name\":\"Contact &bull; IGE EDIGRAPHIC - Imprimerie Confolens Nontron\",\"isPartOf\":{\"@id\":\"https:\/\/ige-edigraphic.fr\/#website\"},\"primaryImageOfPage\":{\"@id\":\"https:\/\/ige-edigraphic.fr\/index.php\/contact\/#primaryimage\"},\"datePublished\":\"2019-01-29T16:10:10+00:00\",\"dateModified\":\"2021-04-19T09:56:26+00:00\",\"description\":\"Vous souhaitez nous poser une question ? Contactez-nous gr\u00e2ce \u00e0 notre formulaire ci-dessous. Nous vous rappelerons dans les plus brefs d\u00e9lais.\",\"breadcrumb\":{\"@id\":\"https:\/\/ige-edigraphic.fr\/index.php\/contact\/#breadcrumb\"},\"inLanguage\":\"fr-FR\",\"potentialAction\":[{\"@type\":\"ReadAction\",\"target\":[\"https:\/\/ige-edigraphic.fr\/index.php\/contact\/\"]}]},{\"@type\":\"BreadcrumbList\",\"@id\":\"https:\/\/ige-edigraphic.fr\/index.php\/contact\/#breadcrumb\",\"itemListElement\":[{\"@type\":\"ListItem\",\"position\":1,\"name\":\"Accueil\",\"item\":\"https:\/\/ige-edigraphic.fr\/\"},{\"@type\":\"ListItem\",\"position\":2,\"name\":\"Contact\"}]}]}<\/script>\n<!-- \/ Yoast SEO plugin. -->","yoast_head_json":{"title":"Contact &bull; IGE EDIGRAPHIC - Imprimerie Confolens Nontron","description":"Vous souhaitez nous poser une question ? Contactez-nous gr\u00e2ce \u00e0 notre formulaire ci-dessous. Nous vous rappelerons dans les plus brefs d\u00e9lais.","robots":{"index":"index","follow":"follow","max-snippet":"max-snippet:-1","max-image-preview":"max-image-preview:large","max-video-preview":"max-video-preview:-1"},"canonical":"https:\/\/ige-edigraphic.fr\/index.php\/contact\/","og_locale":"fr_FR","og_type":"article","og_title":"Contact &bull; IGE EDIGRAPHIC - Imprimerie Confolens Nontron","og_description":"Vous souhaitez nous poser une question ? Contactez-nous gr\u00e2ce \u00e0 notre formulaire ci-dessous. Nous vous rappelerons dans les plus brefs d\u00e9lais.","og_url":"https:\/\/ige-edigraphic.fr\/index.php\/contact\/","og_site_name":"IGE EDIGRAPHIC - Imprimerie Confolens Nontron","article_modified_time":"2021-04-19T09:56:26+00:00","og_image":[{"url":"https:\/\/ige-edigraphic.fr\/wp-content\/uploads\/2021\/04\/plan_acces2-1024x645.png"}],"twitter_card":"summary_large_image","twitter_misc":{"Dur\u00e9e de lecture estim\u00e9e":"1 minute"},"schema":{"@context":"https:\/\/schema.org","@graph":[{"@type":"Organization","@id":"https:\/\/ige-edigraphic.fr\/#organization","name":"IGE Edigraphic","url":"https:\/\/ige-edigraphic.fr\/","sameAs":[],"logo":{"@type":"ImageObject","@id":"https:\/\/ige-edigraphic.fr\/#logo","inLanguage":"fr-FR","url":"https:\/\/ige-edigraphic.fr\/wp-content\/uploads\/2019\/01\/encart_noir2_650.png","contentUrl":"https:\/\/ige-edigraphic.fr\/wp-content\/uploads\/2019\/01\/encart_noir2_650.png","width":650,"height":164,"caption":"IGE Edigraphic"},"image":{"@id":"https:\/\/ige-edigraphic.fr\/#logo"}},{"@type":"WebSite","@id":"https:\/\/ige-edigraphic.fr\/#website","url":"https:\/\/ige-edigraphic.fr\/","name":"IGE EDIGRAPHIC - Imprimerie Confolens Nontron","description":"Imprimerie Confolens - Nontron","publisher":{"@id":"https:\/\/ige-edigraphic.fr\/#organization"},"potentialAction":[{"@type":"SearchAction","target":{"@type":"EntryPoint","urlTemplate":"https:\/\/ige-edigraphic.fr\/?s={search_term_string}"},"query-input":"required name=search_term_string"}],"inLanguage":"fr-FR"},{"@type":"ImageObject","@id":"https:\/\/ige-edigraphic.fr\/index.php\/contact\/#primaryimage","inLanguage":"fr-FR","url":"https:\/\/ige-edigraphic.fr\/wp-content\/uploads\/2021\/04\/plan_acces2.png","contentUrl":"https:\/\/ige-edigraphic.fr\/wp-content\/uploads\/2021\/04\/plan_acces2.png","width":2526,"height":1592},{"@type":"WebPage","@id":"https:\/\/ige-edigraphic.fr\/index.php\/contact\/#webpage","url":"https:\/\/ige-edigraphic.fr\/index.php\/contact\/","name":"Contact &bull; IGE EDIGRAPHIC - Imprimerie Confolens Nontron","isPartOf":{"@id":"https:\/\/ige-edigraphic.fr\/#website"},"primaryImageOfPage":{"@id":"https:\/\/ige-edigraphic.fr\/index.php\/contact\/#primaryimage"},"datePublished":"2019-01-29T16:10:10+00:00","dateModified":"2021-04-19T09:56:26+00:00","description":"Vous souhaitez nous poser une question ? Contactez-nous gr\u00e2ce \u00e0 notre formulaire ci-dessous. Nous vous rappelerons dans les plus brefs d\u00e9lais.","breadcrumb":{"@id":"https:\/\/ige-edigraphic.fr\/index.php\/contact\/#breadcrumb"},"inLanguage":"fr-FR","potentialAction":[{"@type":"ReadAction","target":["https:\/\/ige-edigraphic.fr\/index.php\/contact\/"]}]},{"@type":"BreadcrumbList","@id":"https:\/\/ige-edigraphic.fr\/index.php\/contact\/#breadcrumb","itemListElement":[{"@type":"ListItem","position":1,"name":"Accueil","item":"https:\/\/ige-edigraphic.fr\/"},{"@type":"ListItem","position":2,"name":"Contact"}]}]}},"_links":{"self":[{"href":"https:\/\/ige-edigraphic.fr\/index.php\/wp-json\/wp\/v2\/pages\/16"}],"collection":[{"href":"https:\/\/ige-edigraphic.fr\/index.php\/wp-json\/wp\/v2\/pages"}],"about":[{"href":"https:\/\/ige-edigraphic.fr\/index.php\/wp-json\/wp\/v2\/types\/page"}],"author":[{"embeddable":true,"href":"https:\/\/ige-edigraphic.fr\/index.php\/wp-json\/wp\/v2\/users\/1"}],"replies":[{"embeddable":true,"href":"https:\/\/ige-edigraphic.fr\/index.php\/wp-json\/wp\/v2\/comments?post=16"}],"version-history":[{"count":56,"href":"https:\/\/ige-edigraphic.fr\/index.php\/wp-json\/wp\/v2\/pages\/16\/revisions"}],"predecessor-version":[{"id":645,"href":"https:\/\/ige-edigraphic.fr\/index.php\/wp-json\/wp\/v2\/pages\/16\/revisions\/645"}],"wp:attachment":[{"href":"https:\/\/ige-edigraphic.fr\/index.php\/wp-json\/wp\/v2\/media?parent=16"}],"curies":[{"name":"wp","href":"https:\/\/api.w.org\/{rel}","templated":true}]}}